{"id":147,"date":"2018-01-26T17:20:20","date_gmt":"2018-01-26T10:20:20","guid":{"rendered":"http:\/\/baohiemtoiyeu.com\/?page_id=147"},"modified":"2018-01-27T12:16:57","modified_gmt":"2018-01-27T05:16:57","slug":"bao-hiem-nhan-tho-manulife","status":"publish","type":"page","link":"https:\/\/c301-baohiemtoiyeu.com-vn.net\/?page_id=147","title":{"rendered":"T\u01b0 v\u1ea5n B\u1ea3o hi\u1ec3m Nh\u00e2n th\u1ecd Manulife- C\u00f4ng ty BH Canada S\u1ed1 1 v\u1ec1 ch\u1ea5t l\u01b0\u1ee3ng t\u1ea1i Vi\u1ec7t Nam"},"content":{"rendered":"<div id=\"row-2092231582\" class=\"row\">\n<div class=\"col small-12 large-12\">\n<div class=\"col-inner\">\n<p><em><strong>Nhi\u1ec1u n\u0103m li\u00ean t\u1ee5c gi\u1eef v\u1ecb tr\u00ed h\u00e0ng \u0111\u1ea7u v\u1ec1 ch\u1ea5t l\u01b0\u1ee3ng s\u1ea3n ph\u1ea9m &amp; h\u1eadu m\u00e3i, B\u1ea3o hi\u1ec3m nh\u00e2n th\u1ecd Manulife \u0111ang ng\u00e0y c\u00e0ng ch\u1ee9ng minh l\u00e0 l\u1ef1a ch\u1ecdn h\u00e0ng \u0111\u1ea7u cho kh\u00e1ch h\u00e0ng Vi\u1ec7t.<\/strong><\/em><\/p>\n<p><em>Ch\u1ec9 c\u1ea7n 10% thu nh\u1eadp m\u1ed7i th\u00e1ng \u0111\u1ec3 c\u00f3 1 k\u1ebf ho\u1ea1ch b\u1ea3o hi\u1ec3m tr\u1ecdn \u0111\u1eddi v\u1edbi nh\u1eefng quy\u1ec1n l\u1ee3i t\u1ed1i \u01b0u!<\/em><\/p>\n<h2>B\u1ea3o hi\u1ec3m nh\u00e2n th\u1ecd Manulife gi\u00fap b\u1ea3o v\u1ec7:<\/h2>\n<table style=\"height: 5px;\" width=\"911\">\n<tbody>\n<tr>\n<td style=\"width: 447px;\">\n<h3>Nh\u1eefng g\u00ec ch\u00fang ta\u00a0MONG MU\u1ed0N<\/h3>\n<ol>\n<li><strong>\u0110\u01b0\u1ee3c<\/strong>\u00a0Kh\u1ecfe M\u1ea1nh, S\u1ed1ng L\u00e2u<\/li>\n<li><strong>C\u00f3<\/strong>\u00a0Thu Nh\u1eadp<\/li>\n<li><strong>C\u00f3<\/strong>\u00a0T\u00e0i S\u1ea3n T\u00edch L\u0169y<\/li>\n<li><strong>C\u00f3<\/strong>\u00a0Ti\u1ec1n Ch\u1eefa B\u1ec7nh<\/li>\n<li><strong>C\u00f3<\/strong>\u00a0Ti\u1ec1n Cho Con \u0102n H\u1ecdc<\/li>\n<li><strong>C\u00f3<\/strong>\u00a0Ti\u1ec1n Ch\u0103m S\u00f3c Cha M\u1eb9<\/li>\n<li><strong>C\u00f3<\/strong>\u00a0Ti\u1ec1n H\u01b0u Tr\u00ed Tu\u1ed5i Gi\u00e0<\/li>\n<li><strong>Tr\u1ea3 H\u1ebft<\/strong>\u00a0C\u00e1c Kho\u1ea3n N\u1ee3 C\u1ee7a B\u1ea3n Th\u00e2n<\/li>\n<\/ol>\n<\/td>\n<td style=\"width: 448px;\">\n<h3>Nh\u1eefng g\u00ec ch\u00fang ta\u00a0<del>KH\u00d4NG MU\u1ed0N<\/del><\/h3>\n<ol>\n<li><strong>\u1ed0m<\/strong>\u00a0\u0110au, B\u1ec7nh T\u1eadt, M\u1ea5t S\u1edbm<\/li>\n<li><strong>M\u1ea5t<\/strong>\u00a0Thu Nh\u1eadp<\/li>\n<li><strong>Kh\u00f4ng<\/strong>\u00a0C\u00f2n T\u00e0i S\u1ea3n<\/li>\n<li><strong>Kh\u00f4ng<\/strong>\u00a0C\u00f3 Ti\u1ec1n Ch\u1eefa B\u1ec7nh<\/li>\n<li><strong>Kh\u00f4ng<\/strong>\u00a0C\u00f3 Ti\u1ec1n Cho Con \u0102n H\u1ecdc<\/li>\n<li><strong>Kh\u00f4ng<\/strong>\u00a0C\u00f3 Ti\u1ec1n Ch\u0103m S\u00f3c Cha M\u1eb9<\/li>\n<li><strong>Kh\u00f4ng<\/strong>\u00a0C\u00f3 Ti\u1ec1n Cho Tu\u1ed5i Gi\u00e0<\/li>\n<li><strong>\u0110\u1ec3 L\u1ea1i<\/strong>\u00a0N\u1ee3 Cho Gia \u0110\u00ecnh<\/li>\n<\/ol>\n<\/td>\n<\/tr>\n<\/tbody>\n<\/table>\n<\/div>\n<\/div>\n<div class=\"col small-12 large-12\">\n<div class=\"col-inner\">\n<blockquote><p>Trong cu\u1ed9c s\u1ed1ng, th\u01b0\u1eddng th\u00ec nh\u1eefng g\u00ec CH\u00daNG TA MONG MU\u1ed0N l\u1ea1i\u00a0kh\u00f4ng \u0111\u1ebfn; c\u00f2n nh\u1eefng g\u00ec TA KH\u00d4NG MONG MU\u1ed0N\u00a0l\u1ea1i \u0111\u1ebfn.<\/p><\/blockquote>\n<p><em><strong>V\u00ec v\u1eady, ch\u00fang ta c\u1ea7n chuy\u1ec3n giao nh\u1eefng r\u1ee7i ro v\u1ec1 b\u1ec7nh t\u1eadt, tai n\u1ea1n, m\u1ea5t s\u1edbm cho B\u1ea3o hi\u1ec3m nh\u00e2n th\u1ecd Manulife, \u0111\u1ec3 b\u1ea3o v\u1ec7 b\u1ea3n th\u00e2n v\u00e0 gia \u0111\u00ecnh th\u00e2n y\u00eau c\u1ee7a m\u00ecnh!;<\/strong><\/em><\/p>\n<p><em>&gt;&gt; Xem t\u1ed5ng h\u1ee3p 6\u00a0<a href=\"https:\/\/suthatbaohiem.com\/cau-chuyen\/loi-ich-quyen-loi-cua-bao-hiem-nhan-tho.html\" target=\"_blank\" rel=\"noopener\">quy\u1ec1n l\u1ee3i b\u1ea3o hi\u1ec3m nh\u00e2n th\u1ecd<\/a>\u00a0m\u00e0 b\u1ea1n c\u00f3 th\u1ec3 mua c\u00f9ng nhau v\u1edbi m\u1ee9c chi ph\u00ed r\u1ea5t th\u1ea5p.!<\/em><\/p>\n<\/div>\n<\/div>\n<\/div>\n<h2>Nh\u1eefng ai c\u1ea7n tham gia b\u1ea3o hi\u1ec3m nh\u00e2n th\u1ecd?<\/h2>\n<ul>\n<li><strong>Tr\u1ebb em<\/strong>\u00a0mong mu\u1ed1n \u0111\u01b0\u1ee3c \u0111\u1ea3m b\u1ea3o qu\u1ef9 h\u1ecdc t\u1eadp khi tr\u01b0\u1edfng th\u00e0nh.<\/li>\n<li><strong>Ng\u01b0\u1eddi \u0111\u1ed9c th\u00e2n<\/strong>\u00a0c\u00f3 nhu c\u1ea7u b\u1ea3o v\u1ec7 thu nh\u1eadp + s\u1ee9c kh\u1ecfe.<\/li>\n<li><strong>Ng\u01b0\u1eddi \u0111\u00e3 l\u1eadp gia \u0111\u00ecnh<\/strong>\u00a0c\u00f3 nhu c\u1ea7u b\u1ea3o v\u1ec7 s\u1ee9c kh\u1ecfe + t\u00e0i ch\u00ednh.<\/li>\n<li><strong>Ng\u01b0\u1eddi gi\u00e0\/ ng\u01b0\u1eddi cao tu\u1ed5i<\/strong>\u00a0c\u00f3 nhu c\u1ea7u ch\u0103m s\u00f3c s\u1ee9c kh\u1ecfe.<\/li>\n<li><strong>Ng\u01b0\u1eddi c\u00f3 thu nh\u1eadp th\u1ea5p<\/strong>\u00a0mu\u1ed1n c\u00f3 qu\u1ef9 h\u01b0u tr\u00ed khi v\u1ec1 gi\u00e0.<\/li>\n<\/ul>\n<blockquote><p>Y\u00eau c\u1ea7u b\u1eaft bu\u1ed9c: tu\u1ed5i t\u1ed1i thi\u1ec3u 01 th\u00e1ng, tu\u1ed5i t\u1ed1i \u0111a 65 tu\u1ed5i.<\/p><\/blockquote>\n<p><strong>B\u1ea3o hi\u1ec3m nh\u00e2n th\u1ecd Manulife<\/strong>\u00a0l\u00e0 doanh nghi\u1ec7p b\u1ea3o hi\u1ec3m c\u00f3\u00a0<strong>tu\u1ed5i \u0111\u1eddi l\u00e2u nh\u1ea5t<\/strong>\u00a0t\u1ea1i Vi\u1ec7t Nam (t\u1eeb 12\/06\/1999). Li\u00ean t\u1ee5c trong nhi\u1ec1u n\u0103m n\u1eb1m trong\u00a0<a href=\"http:\/\/www.mof.gov.vn\/webcenter\/portal\/cqlgsbh\/r\/m\/tttt\/sltkctt\/sltkctt_chitiet?dDocName=MOFUCM098072&amp;_afrLoop=14599526882288684#!%40%40%3F_afrLoop%3D14599526882288684%26dDocName%3DMOFUCM098072%26_adf.ctrl-state%3Dkre1dchgd_34\" target=\"_blank\" rel=\"nofollow noopener\">Top doanh nghi\u1ec7p c\u00f3 th\u1ecb ph\u1ea7n b\u1ea3o hi\u1ec3m l\u1edbn nh\u1ea5t Vi\u1ec7t Nam<\/a>\u00a0v\u00e0 \u0111\u1ea1t gi\u1ea3i th\u01b0\u1edfng\u00a0\u201c<a href=\"http:\/\/www.internationalfinancemagazine.com\/awards\/winners?year=2016&amp;group=financial-awards\" target=\"_blank\" rel=\"nofollow noopener\"><strong>C\u00f4ng ty B\u1ea3o hi\u1ec3m nh\u00e2n th\u1ecd t\u1ed1t nh\u1ea5t Vi\u1ec7t Nam 2016 \u2013\u00a0Best Life Insurance Company<\/strong><\/a>\u201d do\u00a0<em>T\u1ea1p ch\u00ed International Financial Magazine trao t\u1eb7ng<\/em>.<\/p>\n<p>V\u1edbi vi\u1ec7c ph\u00e1t tri\u1ec3n chi\u1ebfn l\u01b0\u1ee3c l\u00e2u d\u00e0i v\u00e0 b\u1ec1n v\u1eefng t\u1ea1i th\u1ecb tr\u01b0\u1eddng Vi\u1ec7t Nam, Manulife Vi\u1ec7t Nam l\u00e0 doanh nghi\u1ec7p b\u1ea3o hi\u1ec3m n\u01b0\u1edbc ngo\u00e0i duy nh\u1ea5t \u0111\u00e3 Mua \u0111\u1ea5t, X\u00e2y tr\u1ee5 s\u1edf ch\u00ednh\u00a0t\u1ea1i\u00a0<strong>75 Ho\u00e0ng V\u0103n Th\u00e1i, Ph\u01b0\u1eddng T\u00e2n Ph\u00fa, Q.7, Tp.HCM<\/strong>.<\/p>\n<p>C\u00e1c s\u1ea3n ph\u1ea9m b\u1ea3o hi\u1ec3m c\u1ee7a Manulife \u0111a d\u1ea1ng, \u0111\u01b0\u1ee3c kh\u00e1ch h\u00e0ng y\u00eau th\u00edch v\u00e0 t\u00edn nhi\u1ec7m l\u00e0 ni\u1ec1m h\u1ea1nh ph\u00fac c\u1ee7a Manulife Vi\u1ec7t Nam n\u00f3i ri\u00eang, v\u00e0 T\u1eadp \u0111o\u00e0n Manulife Finance n\u00f3i chung, ch\u1eafc ch\u1eafn s\u1ebd l\u00e0m kh\u00e1ch h\u00e0ng h\u00e0i l\u00f2ng.<\/p>\n<h2>Gi\u1edbi thi\u1ec7u v\u1ec1 c\u00f4ng ty B\u1ea3o hi\u1ec3m nh\u00e2n th\u1ecd Manulife<\/h2>\n<div><iframe loading=\"lazy\" src=\"https:\/\/www.youtube.com\/embed\/6AiXWknpaCE\" width=\"560\" height=\"315\" frameborder=\"0\" allowfullscreen=\"allowfullscreen\" data-mce-fragment=\"1\"><\/iframe><\/div>\n<h2>Nh\u1eefng quy\u1ec1n l\u1ee3i c\u1ee7a B\u1ea3o hi\u1ec3m Manulife<\/h2>\n<ol>\n<li>Quy\u1ec1n l\u1ee3i h\u1ed7 tr\u1ee3 n\u1eb1m vi\u1ec7n.<\/li>\n<li>Quy\u1ec1n l\u1ee3i th\u01b0\u01a1ng t\u1eadt v\u00e0 t\u1eed vong do tai n\u1ea1n.<\/li>\n<li>Quy\u1ec1n l\u1ee3i b\u1ea3o v\u1ec7 b\u1ec7nh l\u00fd nghi\u00eam tr\u1ecdng.<\/li>\n<li>Quy\u1ec1n l\u1ee3i phi\u1ebfu ti\u1ec1n m\u1eb7t.<\/li>\n<li>Quy\u1ec1n l\u1ee3i Th\u01b0\u01a1ng t\u1eadt to\u00e0n b\u1ed9 v\u00e0 v\u0129nh vi\u1ec5n.<\/li>\n<li>Quy\u1ec1n l\u1ee3i t\u1eed vong.<\/li>\n<li>Quy\u1ec1n l\u1ee3i mi\u1ec5n n\u1ed9p ph\u00ed b\u1ea3o hi\u1ec3m.<\/li>\n<\/ol>\n<blockquote><p><em>&gt;&gt; Xem\u00a0<a href=\"https:\/\/suthatbaohiem.com\/kien-thuc-bao-hiem\/lam-sao-de-chon-goi-bao-hiem-nhan-tho-phu-hop.html\" target=\"_blank\" rel=\"noopener\">C\u00e1ch l\u1ef1a ch\u1ecdn g\u00f3i b\u1ea3o hi\u1ec3m ph\u00f9 h\u1ee3p<\/a>\u00a0\u0111\u1ec3 ch\u1ecdn \u0111\u01b0\u1ee3c g\u00f3i b\u1ea3o hi\u1ec3m v\u1eeba t\u00fai ti\u1ec1n m\u00e0 l\u1ea1i t\u1ed1i \u01b0u v\u1ec1 quy\u1ec1n l\u1ee3i.<\/em><\/p><\/blockquote>\n<h2>Nh\u1eefng \u01b0u \u0111i\u1ec3m c\u1ee7a b\u1ea3o hi\u1ec3m Manulife<\/h2>\n<ol>\n<li><strong>Th\u1eddi gian gi\u1ea3i quy\u1ebft quy\u1ec1n l\u1ee3i nhanh<\/strong>: 30 ph\u00fat l\u1ea5y ti\u1ec1n m\u1eb7t t\u1ea1i qu\u1ea7y.<\/li>\n<li>Kh\u00e1ch h\u00e0ng c\u00f3 th\u1ec3 y\u00eau c\u1ea7u\u00a0<strong>gi\u1ea3i quy\u1ebft quy\u1ec1n l\u1ee3i online<\/strong>, v\u00e0 nh\u1eadn ti\u1ec1n qua t\u00e0i kho\u1ea3n ng\u00e2n h\u00e0ng.<\/li>\n<li>H\u00ecnh th\u1ee9c\u00a0<strong>\u0111\u00f3ng ph\u00ed \u0111a d\u1ea1ng<\/strong>, ph\u00f9 h\u1ee3p cho nhi\u1ec1u ho\u00e0n c\u1ea3nh kh\u00e1c nhau.<\/li>\n<li><strong>B\u1ea3o v\u1ec7 tr\u1ecdn \u0111\u1eddi<\/strong>\u00a0(99 tu\u1ed5i). Mua 1 l\u1ea7n kh\u00f4ng c\u1ea7n mua th\u00eam.<\/li>\n<li><strong>\u0110\u00f3ng ph\u00ed linh ho\u1ea1t<\/strong>, t\u1ed1i thi\u1ec3u \u0111\u00f3ng ph\u00ed 3 n\u0103m, t\u1eeb n\u0103m th\u1ee9 4 c\u00f3 th\u1ec3 bu\u00f4ng m\u00e0 v\u1eabn \u0111\u01b0\u1ee3c b\u1ea3o v\u1ec7.<\/li>\n<\/ol>\n<div><iframe loading=\"lazy\" src=\"https:\/\/www.youtube.com\/embed\/u1b0xo3viug\" width=\"560\" height=\"315\" frameborder=\"0\" allowfullscreen=\"allowfullscreen\" data-mce-fragment=\"1\"><\/iframe><\/div>\n<h2>L\u00e0m th\u1ebf n\u00e0o \u0111\u1ec3 k\u00fd h\u1ee3p \u0111\u1ed3ng b\u1ea3o hi\u1ec3m nh\u00e2n th\u1ecd Manulife?<\/h2>\n<h3>B\u1ea1n c\u1ea7n l\u00e0m theo tr\u00ecnh t\u1ef1 c\u00e1c b\u01b0\u1edbc sau:<\/h3>\n<ol>\n<li>\u0110i\u1ec1n \u0111\u01a1n y\u00eau c\u1ea7u b\u1ea3o hi\u1ec3m.<\/li>\n<li>Xu\u1ea5t tr\u00ecnh ch\u1ee9ng minh nh\u00e2n d\u00e2n\/ Th\u1ebb c\u0103n c\u01b0\u1edbc c\u00f2n hi\u1ec7u l\u1ef1c s\u1eed d\u1ee5ng (&lt;15 n\u0103m).<\/li>\n<li>Tr\u1ea3 l\u1eddi trung l\u1ef1c b\u1ea3ng c\u00e2u h\u1ecfi v\u1ec1 s\u1ee9c kh\u1ecfe trong \u0111\u01a1n y\u00eau c\u1ea7u b\u1ea3o hi\u1ec3m.<\/li>\n<li>Ghi r\u00f5 th\u00f4ng tin ng\u01b0\u1eddi th\u1ee5 h\u01b0\u1edfng.<\/li>\n<li>K\u00fd x\u00e1c nh\u1eadn l\u00ean b\u1ea3ng minh h\u1ecda t\u00e0i ch\u00ednh, \u0111\u01a1n y\u00eau c\u1ea7u b\u1ea3o hi\u1ec3m, b\u1ea3ng ph\u00e2n t\u00edch nhu c\u1ea7u t\u00e0i ch\u00ednh.<\/li>\n<li>N\u1ed9p ph\u00ed v\u00e0 nh\u1eadn phi\u1ebfu thu ghi r\u00f5 s\u1ed1 ti\u1ec1n \u0111\u00e3 n\u1ed9p (theo th\u00e1ng, theo qu\u00fd, theo n\u1eeda n\u0103m\/ n\u0103m).<\/li>\n<li>Ch\u1edd c\u00f4ng ty b\u1ea3o hi\u1ec3m th\u1ea9m \u0111\u1ecbnh.<\/li>\n<\/ol>\n<h3>N\u1ebfu h\u1ee3p \u0111\u1ed3ng b\u1ea3o hi\u1ec3m \u0111\u01b0\u1ee3c c\u1ea5p:<\/h3>\n<ol>\n<li>B\u1ea1n c\u00f3 21 ng\u00e0y k\u1ec3 t\u1eeb ng\u00e0y nh\u1eadn h\u1ee3p \u0111\u1ed3ng \u0111\u1ec3 \u0111\u1ecdc v\u00e0 xem l\u1ea1i t\u1ea5t c\u1ea3 c\u00e1c \u0111i\u1ec1u kho\u1ea3n.<\/li>\n<li>Trong 21 ng\u00e0y b\u1ea1n c\u00f3 quy\u1ec1n thay \u0111\u1ed5i quy\u1ec1n l\u1ee3i, gi\u00e1 tr\u1ecb b\u1ea3o v\u1ec7 ho\u1eb7c h\u1ee7y h\u1ee3p \u0111\u1ed3ng \u0111\u1ec3 l\u1ea5y l\u1ea1i ti\u1ec1n.<\/li>\n<li>B\u1ea1n \u0111\u01b0\u1ee3c b\u1ea3o v\u1ec7 k\u1ec3 t\u1eeb khi \u0111\u1eb7t b\u00fat k\u00fd l\u00ean \u0111\u01a1n y\u00eau c\u1ea7u b\u1ea3o hi\u1ec3m.<\/li>\n<\/ol>\n<h3>N\u1ebfu h\u1ee3p \u0111\u1ed3ng b\u1ea3o hi\u1ec3m b\u1ecb t\u1eeb ch\u1ed1i c\u1ea5p:<\/h3>\n<ol>\n<li>B\u1ea1n ph\u1ea3i l\u1ea5y to\u00e0n b\u1ed9 ti\u1ec1n ph\u00ed \u0111\u00e3 n\u1ed9p v\u1ec1.<\/li>\n<li>Kh\u00f4ng n\u1ed9p \u0111\u01a1n y\u00eau c\u1ea7u b\u1ea3o hi\u1ec3m nh\u00e2n th\u1ecd c\u00e1c l\u1ea7n sau.<\/li>\n<\/ol>\n","protected":false},"excerpt":{"rendered":"<p>Nhi\u1ec1u n\u0103m li\u00ean t\u1ee5c gi\u1eef v\u1ecb tr\u00ed h\u00e0ng \u0111\u1ea7u v\u1ec1 ch\u1ea5t l\u01b0\u1ee3ng s\u1ea3n ph\u1ea9m &amp; h\u1eadu m\u00e3i, B\u1ea3o hi\u1ec3m nh\u00e2n &hellip; <a class=\"link-more\" href=\"https:\/\/c301-baohiemtoiyeu.com-vn.net\/?page_id=147\" class=\"more-link\">\u0110\u1ecdc th\u00eam &raquo;<span class=\"screen-reader-text\"> &#8220;T\u01b0 v\u1ea5n B\u1ea3o hi\u1ec3m Nh\u00e2n th\u1ecd Manulife- C\u00f4ng ty BH Canada S\u1ed1 1 v\u1ec1 ch\u1ea5t l\u01b0\u1ee3ng t\u1ea1i Vi\u1ec7t Nam&#8221;<\/span><\/a><\/p>\n","protected":false},"author":1,"featured_media":0,"parent":0,"menu_order":0,"comment_status":"closed","ping_status":"closed","template":"page_bhnt.php","meta":[],"_links":{"self":[{"href":"https:\/\/c301-baohiemtoiyeu.com-vn.net\/index.php?rest_route=\/wp\/v2\/pages\/147"}],"collection":[{"href":"https:\/\/c301-baohiemtoiyeu.com-vn.net\/index.php?rest_route=\/wp\/v2\/pages"}],"about":[{"href":"https:\/\/c301-baohiemtoiyeu.com-vn.net\/index.php?rest_route=\/wp\/v2\/types\/page"}],"author":[{"embeddable":true,"href":"https:\/\/c301-baohiemtoiyeu.com-vn.net\/index.php?rest_route=\/wp\/v2\/users\/1"}],"replies":[{"embeddable":true,"href":"https:\/\/c301-baohiemtoiyeu.com-vn.net\/index.php?rest_route=%2Fwp%2Fv2%2Fcomments&post=147"}],"version-history":[{"count":6,"href":"https:\/\/c301-baohiemtoiyeu.com-vn.net\/index.php?rest_route=\/wp\/v2\/pages\/147\/revisions"}],"predecessor-version":[{"id":150,"href":"https:\/\/c301-baohiemtoiyeu.com-vn.net\/index.php?rest_route=\/wp\/v2\/pages\/147\/revisions\/150"}],"wp:attachment":[{"href":"https:\/\/c301-baohiemtoiyeu.com-vn.net\/index.php?rest_route=%2Fwp%2Fv2%2Fmedia&parent=147"}],"curies":[{"name":"wp","href":"https:\/\/api.w.org\/{rel}","templated":true}]}}