{"id":157,"date":"2018-01-26T23:15:19","date_gmt":"2018-01-26T16:15:19","guid":{"rendered":"http:\/\/baohiemtoiyeu.com\/?page_id=157"},"modified":"2018-02-08T16:09:13","modified_gmt":"2018-02-08T09:09:13","slug":"tuyen-dung","status":"publish","type":"page","link":"https:\/\/c301-baohiemtoiyeu.com-vn.net\/?page_id=157","title":{"rendered":"Tuy\u1ec3n d\u1ee5ng"},"content":{"rendered":"<p><strong><em>Ch\u00e0o m\u1eebng b\u1ea1n t\u1edbi ch\u01b0\u01a1ng tr\u00ecnh\u00a0<a href=\"https:\/\/suthatbaohiem.com\/manulife-tuyen-dung-dai-ly-bao-hiem\">Manulife tuy\u1ec3n d\u1ee5ng<\/a>\u00a0t\u01b0 v\u1ea5n vi\u00ean t\u00e0i ch\u00ednh b\u1ea3o hi\u1ec3m \u2013 l\u00e0m vi\u1ec7c t\u1ea1i c\u00e1c v\u0103n ph\u00f2ng tr\u1ef1c thu\u1ed9c c\u00f4ng ty b\u1ea3o hi\u1ec3m Manulife Vi\u1ec7t Nam.<\/em><\/strong><\/p>\n<p><strong><em>N\u1ebfu b\u1ea1n \u0111ang t\u00ecm ki\u1ebfm c\u00f4ng vi\u1ec7c c\u00f3 c\u01a1 h\u1ed9i ph\u00e1t tri\u1ec3n &amp; ho\u00e0n thi\u1ec7n b\u1ea3n th\u00e2n v\u1ec1 c\u1ea3 t\u00ednh c\u00e1ch, t\u01b0 duy, c\u0169ng nh\u01b0 mang l\u1ea1i ngu\u1ed3n thu nh\u1eadp kh\u00f4ng gi\u1edbi h\u1ea1n \u2013 th\u00ec \u0111\u00e2y l\u00e0 c\u01a1 h\u1ed9i c\u1ee7a b\u1ea1n!<\/em><\/strong><\/p>\n<h2>Tuy\u1ec3n d\u1ee5ng \u0110\u1ea1i l\u00fd b\u1ea3o hi\u1ec3m c\u1ee7a Manulife Vi\u1ec7t Nam:<\/h2>\n<ul>\n<li>L\u00e0 doanh nghi\u1ec7p BHNT n\u01b0\u1edbc ngo\u00e0i \u0111\u1ea7u ti\u00ean t\u1ea1i Vi\u1ec7t Nam (T6.1999), Manulife Vi\u1ec7t Nam lu\u00f4n t\u00ecm ki\u1ebfm nh\u1eefng nh\u00e2n s\u1ef1 ch\u1ea5t l\u01b0\u1ee3ng, c\u00f3 t\u1ed1 ch\u1ea5t &amp; ti\u1ec1m n\u0103ng \u0111\u1ec3 \u0111\u00e0o t\u1ea1o tr\u1edf th\u00e0nh nh\u1eefng ng\u01b0\u1eddi b\u00e1n h\u00e0ng xu\u1ea5t s\u1eafc \u2013 c\u1ee5 th\u1ec3 l\u00e0 t\u01b0 v\u1ea5n b\u1ea3o hi\u1ec3m v\u00e0 c\u00e1c gi\u1ea3i ph\u00e1p t\u00e0i ch\u00ednh cho c\u00e1 nh\u00e2n, gia \u0111\u00ecnh, doanh nghi\u1ec7p.<\/li>\n<li>Ngo\u00e0i \u0111\u00e0o t\u1ea1o k\u1ef9 n\u0103ng b\u00e1n h\u00e0ng, Manulife Vi\u1ec7t Nam c\u00f2n ch\u1ecdn l\u1ecdc nh\u1eefng c\u00e1 nh\u00e2n \u01b0u t\u00fa, \u0111\u00e0o t\u1ea1o \u0111\u1ec3 tr\u1edf th\u00e0nh nh\u1eefng l\u00e3nh \u0111\u1ea1o c\u00f3 \u0111\u1ee7 T\u00c2M &amp; T\u1ea6M trong ng\u00e0nh B\u1ea3o hi\u1ec3m nh\u00e2n th\u1ecd.<\/li>\n<li>B\u1ea1n s\u1ebd \u0111\u01b0\u1ee3c \u0111\u00e0o t\u1ea1o ho\u00e0n to\u00e0n mi\u1ec5n ph\u00ed t\u1eeb CON S\u1ed0 0 \u2013 nh\u01b0ng kh\u00f4ng ph\u1ea3i ai c\u0169ng \u0111\u1ee7 \u0111i\u1ec1u ki\u1ec7n.<img loading=\"lazy\" class=\"alignnone size-medium wp-image-298\" src=\"http:\/\/baohiemtoiyeu.com\/wp-content\/uploads\/2018\/01\/bxh-von-dieu-le-1-300x201.png\" alt=\"\" width=\"300\" height=\"201\" srcset=\"https:\/\/c301-baohiemtoiyeu.com-vn.net\/wp-content\/uploads\/2018\/01\/bxh-von-dieu-le-1-300x201.png 300w, https:\/\/c301-baohiemtoiyeu.com-vn.net\/wp-content\/uploads\/2018\/01\/bxh-von-dieu-le-1.png 659w\" sizes=\"(max-width: 300px) 100vw, 300px\" \/><\/li>\n<\/ul>\n<h2>Quy\u1ec1n l\u1ee3i khi b\u1ea1n l\u00e0 nh\u00e2n vi\u00ean c\u1ee7a b\u1ea3o hi\u1ec3m Manulife:<\/h2>\n<ol>\n<li>\u0110\u01b0\u1ee3c\u00a0<strong>l\u00e0m vi\u1ec7c trong m\u00f4i tr\u01b0\u1eddng<\/strong>\u00a0chuy\u00ean nghi\u1ec7p, n\u0103ng \u0111\u1ed9ng, c\u01a1 s\u1edf v\u1eadt ch\u1ea5t hi\u1ec7n \u0111\u1ea1i b\u1eadc nh\u1ea5t Vi\u1ec7t Nam (Manulife n\u1eb1m trong\u00a0<a href=\"https:\/\/kinhdoanh.vnexpress.net\/tin-tuc\/doanh-nghiep\/100-noi-lam-viec-tot-nhat-viet-nam-nam-2016-3559042-p2.html\" target=\"_blank\" rel=\"nofollow noopener\">Top 22 Doanh nghi\u1ec7p c\u00f3 m\u00f4i tr\u01b0\u1eddng l\u00e0m vi\u1ec7c t\u1ed1t nh\u1ea5t Vi\u1ec7t Nam<\/a>).<\/li>\n<li>\u0110\u01b0\u1ee3c\u00a0<strong>tham gia mi\u1ec5n ph\u00ed<\/strong>\u00a0to\u00e0n b\u1ed9 c\u00e1c kh\u00f3a \u0111\u00e0o t\u1ea1o ki\u1ebfn th\u1ee9c, k\u1ef9 n\u0103ng t\u1ea1i c\u00f4ng ty: K\u1ef9 n\u0103ng giao ti\u1ebfp, b\u00e1n h\u00e0ng, l\u1eadp k\u1ebf ho\u1ea1ch, l\u00e3nh \u0111\u1ea1o, thuy\u1ebft tr\u00ecnh\u2026<\/li>\n<li>\u0110\u01b0\u1ee3c\u00a0<strong>\u0111\u1ecbnh h\u01b0\u1edbng ph\u00e1t tri\u1ec3n<\/strong>\u00a0ngay t\u1eeb khi m\u1edbi b\u1eaft \u0111\u1ea7u d\u1ef1a v\u00e0o t\u00ednh c\u00e1ch &amp; \u0111\u1eb7c \u0111i\u1ec3m t\u1eebng c\u00e1 nh\u00e2n.<\/li>\n<li><strong>T\u1ef1 do v\u1ec1 th\u1eddi gian<\/strong>: Kh\u00f4ng c\u1ea7n \u0111i\u1ec3m danh, ch\u1ea5m v\u00e2n tay\u2026<\/li>\n<li>\u0110\u01b0\u1ee3c\u00a0<strong>\u0111\u00e3i ng\u1ed9<\/strong>\u00a0b\u1eb1ng ch\u00ednh s\u00e1ch th\u01b0\u1edfng + th\u00f9 lao tuy\u1ec7t v\u1eddi (\u0111\u00e3 \u0111\u01b0\u1ee3c B\u1ed9 t\u00e0i ch\u00ednh ph\u00ea duy\u1ec7t).<\/li>\n<li>\u0110\u01b0\u1ee3c\u00a0<strong>h\u01b0\u1edfng m\u1ee9c thu\u1ebf thu nh\u1eadp c\u00e1 nh\u00e2n \u01b0u \u0111\u00e3i<\/strong>\u00a0c\u1ee7a Nh\u00e0 n\u01b0\u1edbc d\u00e0nh ri\u00eang cho b\u1ea3o hi\u1ec3m nh\u00e2n th\u1ecd:\u00a0Ch\u1ec9 5%.<\/li>\n<li><strong>C\u01a1 h\u1ed9i th\u0103ng ti\u1ebfn<\/strong>\u00a0c\u00f4ng b\u1eb1ng, m\u00f4i tr\u01b0\u1eddng l\u00e0m vi\u1ec7c c\u1edfi m\u1edf, kh\u00f4ng b\u00e8 ph\u00e1i.<\/li>\n<li>C\u01a1 h\u1ed9i du l\u1ecbch trong\/ ngo\u00e0i n\u01b0\u1edbc theo c\u00e1c ch\u01b0\u01a1ng tr\u00ecnh c\u1ee7a v\u0103n ph\u00f2ng\/ c\u00f4ng ty\u2026<\/li>\n<li>\u2026<\/li>\n<\/ol>\n<h2>Y\u00eau c\u1ea7u tuy\u1ec3n d\u1ee5ng t\u1ed1i thi\u1ec3u:<\/h2>\n<ol>\n<li>Nam\/ N\u1eef\u00a0<strong>tu\u1ed5i<\/strong>\u00a0t\u1eeb 22-55, hi\u1ec7n \u0111ang kh\u00f4ng l\u00e0m t\u1ea1i b\u1ea5t k\u1ef3 c\u00f4ng ty b\u1ea3o hi\u1ec3m nh\u00e2n th\u1ecd n\u00e0o tr\u00ean to\u00e0n qu\u1ed1c.<\/li>\n<li>S\u1eed d\u1ee5ng\u00a0<strong>th\u00e0nh th\u1ea1o<\/strong>\u00a0Smartphone &amp; m\u00e1y t\u00ednh PC\/ Laptop.<\/li>\n<li>C\u00f3\u00a0<strong>tinh th\u1ea7n<\/strong>\u00a0c\u1ea7u ti\u1ebfn, ham h\u1ecdc h\u1ecfi, trung th\u1ef1c.<\/li>\n<li>\u0110\u00e3\u00a0<strong>t\u1eebng l\u00e0m vi\u1ec7c<\/strong>\u00a0\u1edf v\u1ecb tr\u00ed b\u00e1n h\u00e0ng\/ kinh doanh, Telesales, ch\u0103m s\u00f3c kh\u00e1ch h\u00e0ng l\u00e0 1 l\u1ee3i th\u1ebf.<\/li>\n<li>T\u1eebng\u00a0<strong>h\u1ecdc khoa b\u1ea3o hi\u1ec3m<\/strong>\u00a0trong c\u00e1c tr\u01b0\u1eddng \u0111\u1ea1i h\u1ecdc l\u00e0 1 l\u1ee3i th\u1ebf.<\/li>\n<li><strong>D\u00e0nh \u0111\u01b0\u1ee3c th\u1eddi gian<\/strong>\u00a0t\u1ed1i thi\u1ec3u 2 ti\u1ebfng\/ ng\u00e0y \u0111\u1ec3 tham gia c\u00e1c kh\u00f3a \u0111\u00e0o t\u1ea1o c\u01a1 b\u1ea3n \u2013 chuy\u00ean s\u00e2u v\u1ec1 b\u1ea3o hi\u1ec3m trong v\u00f2ng 2 th\u00e1ng \u0111\u1ea7u ti\u00ean.<\/li>\n<\/ol>\n<h2>Nh\u1eefng t\u1ed1 ch\u1ea5t c\u1ea7n c\u00f3:<\/h2>\n<ol>\n<li>Ch\u0103m ch\u1ec9, ham h\u1ecdc h\u1ecfi.<\/li>\n<li>B\u1ec1n b\u1ec9, ki\u00ean tr\u00ec, kh\u00f4ng ng\u1ea1i kh\u00f3.<\/li>\n<li>L\u00e0m vi\u1ec7c k\u1ef7 lu\u1eadt, nghi\u00eam t\u00fac.<\/li>\n<li>Vui t\u00ednh, ho\u1ea1t b\u00e1t.<\/li>\n<li>Mu\u1ed1n ph\u00e1t tri\u1ec3n b\u1ea3n th\u00e2n &amp; t\u0103ng thu nh\u1eadp b\u1eb1ng n\u0103ng l\u1ef1c th\u1ef1c s\u1ef1.<\/li>\n<\/ol>\n<h2>Nh\u1eefng ai KH\u00d4NG PH\u00d9 H\u1ee2P v\u1edbi ch\u01b0\u01a1ng tr\u00ecnh tuy\u1ec3n d\u1ee5ng Manulife?<\/h2>\n<ol>\n<li>C\u00e1 nh\u00e2n c\u00f3 suy ngh\u0129 ti\u00eau c\u1ef1c, hay \u0111\u1ed5 l\u1ed7i cho ho\u00e0n c\u1ea3nh, s\u1ed1 ph\u1eadn.<\/li>\n<li>C\u00e1 nh\u00e2n th\u00edch AN PH\u1eacN, kh\u00f4ng mu\u1ed1n n\u1ed7 l\u1ef1c, c\u1ed1 g\u1eafng.<\/li>\n<li>C\u00e1 nh\u00e2n n\u1eb1m trong Blacklist c\u1ee7a Hi\u1ec7p h\u1ed9i b\u1ea3o hi\u1ec3m Vi\u1ec7t Nam.<\/li>\n<li>\u0110\u1ed9 tu\u1ed5i kh\u00f4ng ph\u00f9 h\u1ee3p: Nh\u1ecf h\u01a1n 22 tu\u1ed5i ho\u1eb7c l\u1edbn h\u01a1n 55 tu\u1ed5i.<\/li>\n<\/ol>\n<h2>H\u1ed3 s\u01a1 y\u00eau c\u1ea7u:<\/h2>\n<ol>\n<li>CMND\/ C\u0103n c\u01b0\u1edbc c\u00f4ng d\u00e2n c\u00f2n hi\u1ec7u l\u1ef1c.<\/li>\n<li>S\u1ed5 h\u1ed9 kh\u1ea9u.<\/li>\n<li>CV c\u00e1 nh\u00e2n (g\u1eedi v\u1ec1 mail:\u00a0suthatbaohiem@gmail.com).<\/li>\n<li>B\u1ea3n photo b\u1eb1ng \u0110\u1ea1i h\u1ecdc\/ Cao \u0111\u1eb3ng\/ Trung c\u1ea5p.<\/li>\n<\/ol>\n","protected":false},"excerpt":{"rendered":"<p>Ch\u00e0o m\u1eebng b\u1ea1n t\u1edbi ch\u01b0\u01a1ng tr\u00ecnh\u00a0Manulife tuy\u1ec3n d\u1ee5ng\u00a0t\u01b0 v\u1ea5n vi\u00ean t\u00e0i ch\u00ednh b\u1ea3o hi\u1ec3m \u2013 l\u00e0m vi\u1ec7c t\u1ea1i c\u00e1c v\u0103n &hellip; <a class=\"link-more\" href=\"https:\/\/c301-baohiemtoiyeu.com-vn.net\/?page_id=157\" class=\"more-link\">\u0110\u1ecdc th\u00eam &raquo;<span class=\"screen-reader-text\"> &#8220;Tuy\u1ec3n d\u1ee5ng&#8221;<\/span><\/a><\/p>\n","protected":false},"author":1,"featured_media":0,"parent":0,"menu_order":0,"comment_status":"closed","ping_status":"closed","template":"","meta":[],"_links":{"self":[{"href":"https:\/\/c301-baohiemtoiyeu.com-vn.net\/index.php?rest_route=\/wp\/v2\/pages\/157"}],"collection":[{"href":"https:\/\/c301-baohiemtoiyeu.com-vn.net\/index.php?rest_route=\/wp\/v2\/pages"}],"about":[{"href":"https:\/\/c301-baohiemtoiyeu.com-vn.net\/index.php?rest_route=\/wp\/v2\/types\/page"}],"author":[{"embeddable":true,"href":"https:\/\/c301-baohiemtoiyeu.com-vn.net\/index.php?rest_route=\/wp\/v2\/users\/1"}],"replies":[{"embeddable":true,"href":"https:\/\/c301-baohiemtoiyeu.com-vn.net\/index.php?rest_route=%2Fwp%2Fv2%2Fcomments&post=157"}],"version-history":[{"count":4,"href":"https:\/\/c301-baohiemtoiyeu.com-vn.net\/index.php?rest_route=\/wp\/v2\/pages\/157\/revisions"}],"predecessor-version":[{"id":299,"href":"https:\/\/c301-baohiemtoiyeu.com-vn.net\/index.php?rest_route=\/wp\/v2\/pages\/157\/revisions\/299"}],"wp:attachment":[{"href":"https:\/\/c301-baohiemtoiyeu.com-vn.net\/index.php?rest_route=%2Fwp%2Fv2%2Fmedia&parent=157"}],"curies":[{"name":"wp","href":"https:\/\/api.w.org\/{rel}","templated":true}]}}